{"id":46,"date":"2024-02-06T11:04:05","date_gmt":"2024-02-06T10:04:05","guid":{"rendered":"http:\/\/253460.test-my-website.de\/neue\/?page_id=46"},"modified":"2024-02-28T11:31:37","modified_gmt":"2024-02-28T10:31:37","slug":"impressum","status":"publish","type":"page","link":"https:\/\/www.sc-stein.de\/neue\/impressum\/","title":{"rendered":"Impressum"},"content":{"rendered":"<section class=\"l-section wpb_row height_small\"><div class=\"l-section-h i-cf\"><div class=\"g-cols vc_row via_grid cols_1 laptops-cols_inherit tablets-cols_inherit mobiles-cols_1 valign_top type_default stacking_default\"><div class=\"wpb_column vc_column_container\"><div class=\"vc_column-inner\"><div class=\"wpb_text_column\"><div class=\"wpb_wrapper\"><h6 class=\"\\&quot;entry-title\\&quot;\">Impressum<\/h6>\n<div class=\"\\&quot;entry-content\\&quot;\">\n<div id=\"\\&quot;abschluss\\&quot;\">\n<div id=\"\\&quot;c22\\&quot;\" class=\"\\&quot;csc-default\\&quot;\">\n<div class=\"\\&quot;header\\&quot;\">Haftungshinweis<\/div>\n<div><\/div>\n<p class=\"\\&quot;bodytext\\&quot;\">Wir \u00fcbernehmen keine Haftung f\u00fcr die Inhalte externer Links, trotz sorgf\u00e4ltiger inhaltlicher Kontrolle, da ausschlie\u00dflich die Betreiber der verlinkten Seiten f\u00fcr deren Inhalt verantwortlich sind.<\/p>\n<\/div>\n<\/div>\n<div id=\"\\&quot;abschluss\\&quot;\">\n<div id=\"\\&quot;c23\\&quot;\" class=\"\\&quot;csc-default\\&quot;\">\n<div class=\"\\&quot;header\\&quot;\">Marken- und Warenzeichen<\/div>\n<p class=\"\\&quot;bodytext\\&quot;\"><span class=\"\\&quot;Apple-style-span\\&quot;\">Alle genannten und gezeigten Marken- oder Warenzeichen sind eingetragene Marken oder eingetragene Warenzeichen ihrer jeweiligen Eigent\u00fcmer. In der Regel wurden Marken- oder Warenzeichen nicht als solche kenntlich gemacht. Das Fehlen einer solchen Kennzeichnung bedeutet nicht, dass es sich um einen freien Namen im Sinne des Waren- und Markenzeichenrechts handelt.<\/span><\/p>\n<\/div>\n<\/div>\n<div id=\"\\&quot;abschluss\\&quot;\">\n<div id=\"\\&quot;c27\\&quot;\" class=\"\\&quot;csc-default\\&quot;\">\n<div class=\"\\&quot;header\\&quot;\">Kontakt<\/div>\n<p class=\"\\&quot;x_MsoNormal\\&quot;\">Ski Club Stein<br \/>\n1. Vorstand Gerhard Bauer<br \/>\nIm Mies 2<br \/>\n95643 Tirschenreuth<\/p>\n<p>Kontakt:\u00a0<a href=\"\\&quot;mailto:toni-baroni@gmx.de\\&quot;\" data-auth=\"\\&quot;NotApplicable\\&quot;\">gb@steinbauerpromotion.com<\/a><\/p>\n<\/div>\n<\/div>\n<\/div>\n<\/div><\/div><\/div><\/div><\/div><\/div><\/section><section class=\"l-section wpb_row height_small\"><div class=\"l-section-h i-cf\"><div class=\"g-cols vc_row via_grid cols_1 laptops-cols_inherit tablets-cols_inherit mobiles-cols_1 valign_top type_default stacking_default\"><div class=\"wpb_column vc_column_container\"><div class=\"vc_column-inner\"><form class=\"w-form  layout_ver for_cform us_form_1\" autocomplete=\"off\" action=\"https:\/\/www.sc-stein.de\/neue\/neue\/wp-json\/wp\/v2\/pages\/46\" method=\"post\"><div class=\"w-form-h\"><div class=\"w-form-row for_text\">\r\n\t\t<div class=\"w-form-row-field\">\r\n\t\t\t\t\t\t<input aria-label=\"Name\" type=\"text\" name=\"us_form_1_text_1\" value placeholder=\"Name\"\/>\r\n\t\t\t<\/div>\r\n\t\t<div class=\"w-form-row-state\">Bitte f\u00fcllen Sie dieses Feld aus.<\/div>\r\n<\/div>\r\n<div class=\"w-form-row for_email\">\r\n\t\t<div class=\"w-form-row-field\">\r\n\t\t\t\t\t\t<input aria-label=\"E-Mail\" type=\"email\" name=\"us_form_1_email_1\" value placeholder=\"E-Mail\"\/>\r\n\t\t\t<\/div>\r\n\t\t<div class=\"w-form-row-state\">Bitte gib eine g\u00fcltige E-Mail-Adresse ein.<\/div>\r\n<\/div>\r\n<div class=\"w-form-row for_textarea\">\r\n\t\t<div class=\"w-form-row-field\">\r\n\t\t\t\t\t\t<textarea aria-label=\"Text\" name=\"us_form_1_textarea_1\" placeholder=\"Text\"><\/textarea>\r\n\t\t\t<\/div>\r\n\t\t<div class=\"w-form-row-state\">Bitte f\u00fcllen Sie dieses Feld aus.<\/div>\r\n<\/div>\r\n<input type=\"hidden\" name=\"action\" value=\"us_ajax_cform\" \/>\r\n<input type=\"hidden\" name=\"post_id\" value=\"0\" \/>\r\n<input type=\"hidden\" name=\"form_index\" value=\"1\" \/>\r\n<div class=\"w-form-row for_submit align_none\">\r\n\t<button class=\"w-btn  us-btn-style_1\" aria-label=\"Absenden\" type=\"submit\">\r\n\t\t<span class=\"g-preloader type_1\"><\/span>\r\n\t\t\t\t<span class=\"w-btn-label\">Absenden<\/span>\r\n\t\t\t<\/button>\r\n\t<\/div>\r\n<\/div><div class=\"w-form-message\"><\/div><div class=\"w-form-json hidden\" onclick='return {&quot;ajaxurl&quot;:&quot;https:\\\/\\\/www.sc-stein.de\\\/neue\\\/wp-admin\\\/admin-ajax.php&quot;,&quot;messages&quot;:{&quot;err_empty&quot;:&quot;Bitte f\\u00fcllen Sie dieses Feld aus.&quot;,&quot;err_size&quot;:&quot;Die Dateigr\\u00f6\\u00dfe darf %s MB nicht \\u00fcberschreiten&quot;,&quot;err_extension&quot;:&quot;Dateityp %s ist nicht zul\\u00e4ssig&quot;}}'><\/div><\/form><\/div><\/div><\/div><\/div><\/section>\n","protected":false},"excerpt":{"rendered":"Impressum Haftungshinweis Wir \u00fcbernehmen keine Haftung f\u00fcr die Inhalte externer Links, trotz sorgf\u00e4ltiger inhaltlicher Kontrolle, da ausschlie\u00dflich die Betreiber der verlinkten Seiten f\u00fcr deren Inhalt verantwortlich sind. Marken- und Warenzeichen...","protected":false},"author":1,"featured_media":0,"parent":0,"menu_order":0,"comment_status":"closed","ping_status":"closed","template":"","meta":{"footnotes":""},"class_list":["post-46","page","type-page","status-publish","hentry"],"_links":{"self":[{"href":"https:\/\/www.sc-stein.de\/neue\/wp-json\/wp\/v2\/pages\/46","targetHints":{"allow":["GET"]}}],"collection":[{"href":"https:\/\/www.sc-stein.de\/neue\/wp-json\/wp\/v2\/pages"}],"about":[{"href":"https:\/\/www.sc-stein.de\/neue\/wp-json\/wp\/v2\/types\/page"}],"author":[{"embeddable":true,"href":"https:\/\/www.sc-stein.de\/neue\/wp-json\/wp\/v2\/users\/1"}],"replies":[{"embeddable":true,"href":"https:\/\/www.sc-stein.de\/neue\/wp-json\/wp\/v2\/comments?post=46"}],"version-history":[{"count":8,"href":"https:\/\/www.sc-stein.de\/neue\/wp-json\/wp\/v2\/pages\/46\/revisions"}],"predecessor-version":[{"id":4325,"href":"https:\/\/www.sc-stein.de\/neue\/wp-json\/wp\/v2\/pages\/46\/revisions\/4325"}],"wp:attachment":[{"href":"https:\/\/www.sc-stein.de\/neue\/wp-json\/wp\/v2\/media?parent=46"}],"curies":[{"name":"wp","href":"https:\/\/api.w.org\/{rel}","templated":true}]}}